{"id":1032,"date":"2025-11-25T13:11:14","date_gmt":"2025-11-25T18:11:14","guid":{"rendered":"https:\/\/aquaforge.ai\/conditions-generales-dutilisation\/"},"modified":"2025-11-25T13:16:33","modified_gmt":"2025-11-25T18:16:33","slug":"conditions-generales-dutilisation","status":"publish","type":"page","link":"https:\/\/aquaforge.ai\/fr\/conditions-generales-dutilisation\/","title":{"rendered":"Conditions g\u00e9n\u00e9rales d&rsquo;utilisation"},"content":{"rendered":"\t\t<div data-elementor-type=\"wp-page\" data-elementor-id=\"1032\" class=\"elementor elementor-1032 elementor-99\">\n\t\t\t\t<div class=\"elementor-element elementor-element-twy3vhs1 twbb_section e-flex e-con-boxed e-con e-parent\" data-id=\"twy3vhs1\" data-element_type=\"container\" data-e-type=\"container\">\n\t\t\t\t\t<div class=\"e-con-inner\">\n\t\t\t\t<div class=\"elementor-element elementor-element-t20bshmq elementor-widget__width-initial elementor-widget-mobile__width-inherit elementor-widget-tablet__width-initial elementor-invisible elementor-widget elementor-widget-heading\" data-id=\"t20bshmq\" data-element_type=\"widget\" data-e-type=\"widget\" data-settings=\"{&quot;_animation&quot;:&quot;fadeInUp&quot;}\" data-widget_type=\"heading.default\">\n\t\t\t\t\t<h1 class=\"elementor-heading-title elementor-size-default\">Conditions g\u00e9n\u00e9rales d'utilisation<\/h1>\t\t\t\t<\/div>\n\t\t\t\t\t<\/div>\n\t\t\t\t<\/div>\n\t\t<div class=\"elementor-element elementor-element-hedo8npa twbb_section e-flex e-con-boxed e-con e-parent\" data-id=\"hedo8npa\" data-element_type=\"container\" data-e-type=\"container\">\n\t\t\t\t\t<div class=\"e-con-inner\">\n\t\t\t\t<div class=\"elementor-element elementor-element-j4q0nuy4 elementor-widget__width-initial elementor-widget-mobile__width-inherit elementor-widget-tablet__width-initial elementor-invisible elementor-widget elementor-widget-text-editor\" data-id=\"j4q0nuy4\" data-element_type=\"widget\" data-e-type=\"widget\" data-settings=\"{&quot;_animation&quot;:&quot;fadeInUp&quot;}\" data-widget_type=\"text-editor.default\">\n\t\t\t\t\t\t\t\t\t<p><b>1. Acceptation des conditions<\/b><\/p><p>En acc\u00e9dant au site AquaForge ou en l&rsquo;utilisant, vous acceptez d&rsquo;\u00eatre li\u00e9 par les pr\u00e9sentes conditions g\u00e9n\u00e9rales. Si vous n&rsquo;acceptez pas ces conditions, veuillez ne pas utiliser le site web.<\/p><p><b>2. Utilisation du site web<\/b><\/p><p>Le site web d&rsquo;AquaFroge est fourni \u00e0 des fins d&rsquo;information et de recrutement uniquement. Vous acceptez de n&rsquo;utiliser le site web qu&rsquo;\u00e0 des fins l\u00e9gales et conform\u00e9ment aux pr\u00e9sentes conditions g\u00e9n\u00e9rales.<\/p><p><b>3. Propri\u00e9t\u00e9 intellectuelle<\/b><\/p><p>L&rsquo;ensemble du contenu du site AquaForge, y compris, mais sans s&rsquo;y limiter, les textes, les graphiques, les logos et les logiciels, est la propri\u00e9t\u00e9 d&rsquo;AquaForge ou de ses conc\u00e9dants de licence. Vous ne pouvez pas reproduire, distribuer, modifier ou cr\u00e9er des \u0153uvres d\u00e9riv\u00e9es de ce contenu sans l&rsquo;autorisation \u00e9crite expresse d&rsquo;AquaForge.<\/p><p><b>4. Exclusion de garantie<\/b><\/p><p>Les informations fournies sur le site web d&rsquo;AquaForge sont destin\u00e9es \u00e0 des fins de connaissance g\u00e9n\u00e9rale et d&rsquo;information uniquement, et ne constituent pas un conseil professionnel. AquaForge ne fait aucune d\u00e9claration et ne donne aucune garantie, expresse ou implicite, quant \u00e0 l&rsquo;exhaustivit\u00e9, l&rsquo;exactitude, la fiabilit\u00e9, l&rsquo;ad\u00e9quation ou la disponibilit\u00e9 du site Web ou des informations, produits, services ou graphiques connexes contenus sur le site Web \u00e0 quelque fin que ce soit. La confiance que vous accordez \u00e0 ces informations est strictement \u00e0 vos risques et p\u00e9rils.<\/p><p><b>5. Limitation de la responsabilit\u00e9<\/b><\/p><p>AquaForge ne peut en aucun cas \u00eatre tenu responsable des dommages (y compris, mais sans s&rsquo;y limiter, les dommages li\u00e9s \u00e0 la perte de donn\u00e9es ou de b\u00e9n\u00e9fices, ou \u00e0 l&rsquo;interruption d&rsquo;activit\u00e9) r\u00e9sultant de l&rsquo;utilisation ou de l&rsquo;impossibilit\u00e9 d&rsquo;utiliser le site Web d&rsquo;AquaForge, m\u00eame si AquaForge a \u00e9t\u00e9 inform\u00e9 de la possibilit\u00e9 de tels dommages.<\/p><p><b>6. Droit applicable<\/b><\/p><p>Les pr\u00e9sentes conditions g\u00e9n\u00e9rales sont r\u00e9gies et interpr\u00e9t\u00e9es conform\u00e9ment aux lois de la province de Qu\u00e9bec, Canada.<\/p><p><b>7. Modifications des conditions<\/b><\/p><p>AquaForge se r\u00e9serve le droit de modifier les pr\u00e9sentes Conditions G\u00e9n\u00e9rales \u00e0 tout moment. Toute modification entrera en vigueur d\u00e8s sa publication sur le site web.<\/p><p><b>8. Contactez nous<\/b><\/p><p>Si vous avez des questions ou des pr\u00e9occupations concernant les pr\u00e9sentes conditions g\u00e9n\u00e9rales, veuillez nous contacter \u00e0 l&rsquo;adresse <a href=\"mailto:info@aquaforge.ai\">info@aquaforge.ai<\/a>.<\/p>\t\t\t\t\t\t\t\t<\/div>\n\t\t\t\t\t<\/div>\n\t\t\t\t<\/div>\n\t\t\t\t<\/div>\n\t\t","protected":false},"excerpt":{"rendered":"<p>Conditions g\u00e9n\u00e9rales d&rsquo;utilisation 1. Acceptation des conditions En acc\u00e9dant au site AquaForge ou en l&rsquo;utilisant, vous acceptez d&rsquo;\u00eatre li\u00e9 par les pr\u00e9sentes conditions g\u00e9n\u00e9rales. Si vous n&rsquo;acceptez pas ces conditions, veuillez ne pas utiliser le site web. 2. Utilisation du site web Le site web d&rsquo;AquaFroge est fourni \u00e0 des fins d&rsquo;information et de recrutement [&hellip;]<\/p>\n","protected":false},"author":0,"featured_media":0,"parent":0,"menu_order":0,"comment_status":"closed","ping_status":"publish","template":"","meta":{"footnotes":""},"class_list":["post-1032","page","type-page","status-publish","hentry"],"_links":{"self":[{"href":"https:\/\/aquaforge.ai\/fr\/wp-json\/wp\/v2\/pages\/1032","targetHints":{"allow":["GET"]}}],"collection":[{"href":"https:\/\/aquaforge.ai\/fr\/wp-json\/wp\/v2\/pages"}],"about":[{"href":"https:\/\/aquaforge.ai\/fr\/wp-json\/wp\/v2\/types\/page"}],"replies":[{"embeddable":true,"href":"https:\/\/aquaforge.ai\/fr\/wp-json\/wp\/v2\/comments?post=1032"}],"version-history":[{"count":0,"href":"https:\/\/aquaforge.ai\/fr\/wp-json\/wp\/v2\/pages\/1032\/revisions"}],"wp:attachment":[{"href":"https:\/\/aquaforge.ai\/fr\/wp-json\/wp\/v2\/media?parent=1032"}],"curies":[{"name":"wp","href":"https:\/\/api.w.org\/{rel}","templated":true}]}}