{"id":844,"date":"2025-07-18T16:52:56","date_gmt":"2025-07-18T21:52:56","guid":{"rendered":"https:\/\/aquaforge.ai\/rejoignez-nous\/"},"modified":"2025-12-10T12:21:52","modified_gmt":"2025-12-10T17:21:52","slug":"joignez-equipe","status":"publish","type":"page","link":"https:\/\/aquaforge.ai\/fr\/joignez-equipe\/","title":{"rendered":"On recrute!"},"content":{"rendered":"\t\t<div data-elementor-type=\"wp-page\" data-elementor-id=\"844\" class=\"elementor elementor-844 elementor-97\">\n\t\t\t\t<div class=\"elementor-element elementor-element-43c24f6 e-flex e-con-boxed e-con e-parent\" data-id=\"43c24f6\" data-element_type=\"container\" data-e-type=\"container\" data-settings=\"{&quot;background_background&quot;:&quot;slideshow&quot;,&quot;background_slideshow_gallery&quot;:[{&quot;id&quot;:658,&quot;url&quot;:&quot;https:\\\/\\\/aquaforge.ai\\\/wp-content\\\/uploads\\\/2025\\\/07\\\/water-treatment-plant.png&quot;}],&quot;background_slideshow_loop&quot;:&quot;yes&quot;,&quot;background_slideshow_slide_duration&quot;:5000,&quot;background_slideshow_slide_transition&quot;:&quot;fade&quot;,&quot;background_slideshow_transition_duration&quot;:500}\">\n\t\t\t\t\t<div class=\"e-con-inner\">\n\t\t<div class=\"elementor-element elementor-element-68b1784 e-con-full e-flex e-con e-child\" data-id=\"68b1784\" data-element_type=\"container\" data-e-type=\"container\">\n\t\t\t\t<div class=\"elementor-element elementor-element-181007a elementor-widget__width-initial elementor-widget elementor-widget-heading\" data-id=\"181007a\" data-element_type=\"widget\" data-e-type=\"widget\" data-widget_type=\"heading.default\">\n\t\t\t\t\t<h2 class=\"elementor-heading-title elementor-size-default\">Vous \u00eates press\u00e9 ?<br>D\u00e9filez vers le bas pour les postes \u00e0 disponibles<\/h2>\t\t\t\t<\/div>\n\t\t\t\t<\/div>\n\t\t\t\t\t<\/div>\n\t\t\t\t<\/div>\n\t\t<div class=\"elementor-element elementor-element-3kqqfha8 twbb_section e-flex e-con-boxed e-con e-parent\" data-id=\"3kqqfha8\" data-element_type=\"container\" data-e-type=\"container\" id=\"about-amaxe2-and-our-mission\">\n\t\t\t\t\t<div class=\"e-con-inner\">\n\t\t<div class=\"elementor-element elementor-element-8ozzoxap e-con-full e-flex e-con e-child\" data-id=\"8ozzoxap\" data-element_type=\"container\" data-e-type=\"container\" data-settings=\"{&quot;animation&quot;:&quot;none&quot;}\">\n\t\t\t\t<div class=\"elementor-element elementor-element-le5rc4iw elementor-widget__width-inherit elementor-widget-mobile__width-inherit elementor-widget-tablet__width-initial elementor-widget elementor-widget-heading\" data-id=\"le5rc4iw\" data-element_type=\"widget\" data-e-type=\"widget\" data-settings=\"{&quot;_animation&quot;:&quot;none&quot;}\" data-widget_type=\"heading.default\">\n\t\t\t\t\t<h2 class=\"elementor-heading-title elementor-size-default\">N\u00e9 de l'exp\u00e9rience.<\/h2>\t\t\t\t<\/div>\n\t\t\t\t<div class=\"elementor-element elementor-element-e734cca elementor-widget__width-inherit elementor-widget-mobile__width-inherit elementor-widget-tablet__width-initial elementor-widget elementor-widget-heading\" data-id=\"e734cca\" data-element_type=\"widget\" data-e-type=\"widget\" data-settings=\"{&quot;_animation&quot;:&quot;none&quot;}\" data-widget_type=\"heading.default\">\n\t\t\t\t\t<h2 class=\"elementor-heading-title elementor-size-default\">Motiv\u00e9 par l'impact.<\/h2>\t\t\t\t<\/div>\n\t\t\t\t<div class=\"elementor-element elementor-element-zapgjimu elementor-widget__width-inherit elementor-widget-mobile__width-inherit elementor-widget-tablet__width-initial elementor-widget elementor-widget-text-editor\" data-id=\"zapgjimu\" data-element_type=\"widget\" data-e-type=\"widget\" data-settings=\"{&quot;_animation&quot;:&quot;none&quot;}\" data-widget_type=\"text-editor.default\">\n\t\t\t\t\t\t\t\t\t<p>Nous avons \u00e9t\u00e9 t\u00e9moins d&rsquo;un probl\u00e8me pendant 15 ans dans l\u2019industrie du traitement de l\u2019eau: l\u2019ampleur des inefficacit\u00e9s et des sommes gaspill\u00e9es par les processus de conception traditionnels, et nous savons qu\u2019il existe une meilleure approche : le design g\u00e9n\u00e9ratif, fond\u00e9e sur l\u2019IA g\u00e9n\u00e9rative. <\/p><p>Nous sommes \u00e0 l&rsquo;aube de transformer l\u2019industrie et impacter la soci\u00e9t\u00e9. Tout le monde devrait avoir de l&rsquo;eau propre. <\/p><p>Nous construisons une entreprise \u00e0 taille humaine o\u00f9 chaque membre de l&rsquo;\u00e9quipe a un impact direct et mesurable sur cette mission essentielle.<\/p>\t\t\t\t\t\t\t\t<\/div>\n\t\t\t\t<\/div>\n\t\t<div class=\"elementor-element elementor-element-b6c7222 e-con-full elementor-hidden-tablet elementor-hidden-mobile e-flex e-con e-child\" data-id=\"b6c7222\" data-element_type=\"container\" data-e-type=\"container\" data-settings=\"{&quot;animation&quot;:&quot;none&quot;}\">\n\t\t\t\t<div class=\"elementor-element elementor-element-42dcd73 elementor-widget elementor-widget-image\" data-id=\"42dcd73\" data-element_type=\"widget\" data-e-type=\"widget\" data-widget_type=\"image.default\">\n\t\t\t\t\t\t\t\t\t\t\t\t\t\t\t<img decoding=\"async\" src=\"https:\/\/aquaforge.ai\/wp-content\/uploads\/elementor\/thumbs\/water-glass-r8zxmf9nb2bymmr24hb7vty4gj8dvmrj9nf8czj540.png\" title=\"water-glass\" alt=\"water-glass\" loading=\"lazy\" \/>\t\t\t\t\t\t\t\t\t\t\t\t\t\t\t<\/div>\n\t\t\t\t<\/div>\n\t\t\t\t\t<\/div>\n\t\t\t\t<\/div>\n\t\t<div class=\"elementor-element elementor-element-66cbf5d e-flex e-con-boxed e-con e-parent\" data-id=\"66cbf5d\" data-element_type=\"container\" data-e-type=\"container\" data-settings=\"{&quot;background_background&quot;:&quot;classic&quot;}\">\n\t\t\t\t\t<div class=\"e-con-inner\">\n\t\t<div class=\"elementor-element elementor-element-23a4d7e e-con-full e-flex e-con e-child\" data-id=\"23a4d7e\" data-element_type=\"container\" data-e-type=\"container\" data-settings=\"{&quot;animation&quot;:&quot;none&quot;,&quot;background_background&quot;:&quot;classic&quot;}\">\n\t\t<div class=\"elementor-element elementor-element-25d2ee5 e-con-full e-flex e-con e-child\" data-id=\"25d2ee5\" data-element_type=\"container\" data-e-type=\"container\">\n\t\t\t\t<div class=\"elementor-element elementor-element-b579923 elementor-widget elementor-widget-image\" data-id=\"b579923\" data-element_type=\"widget\" data-e-type=\"widget\" data-widget_type=\"image.default\">\n\t\t\t\t\t\t\t\t\t\t\t\t\t\t\t<img decoding=\"async\" src=\"https:\/\/aquaforge.ai\/wp-content\/uploads\/elementor\/thumbs\/amplified-by-ai-r8zxmddyxe9dzetsfghyquf79rhng8k2le49eflxgg.png\" title=\"amplified-by-ai\" alt=\"amplified-by-ai\" loading=\"lazy\" \/>\t\t\t\t\t\t\t\t\t\t\t\t\t\t\t<\/div>\n\t\t\t\t<\/div>\n\t\t<div class=\"elementor-element elementor-element-2fa0e82 e-con-full e-flex e-con e-child\" data-id=\"2fa0e82\" data-element_type=\"container\" data-e-type=\"container\">\n\t\t\t\t<div class=\"elementor-element elementor-element-b0a44dc elementor-widget__width-inherit elementor-widget-mobile__width-inherit elementor-widget-tablet__width-initial elementor-widget elementor-widget-heading\" data-id=\"b0a44dc\" data-element_type=\"widget\" data-e-type=\"widget\" data-settings=\"{&quot;_animation&quot;:&quot;none&quot;}\" data-widget_type=\"heading.default\">\n\t\t\t\t\t<h2 class=\"elementor-heading-title elementor-size-default\">Amplifi\u00e9, mais pas remplac\u00e9.<\/h2>\t\t\t\t<\/div>\n\t\t\t\t<div class=\"elementor-element elementor-element-5f0e0a9 elementor-widget__width-inherit elementor-widget-mobile__width-inherit elementor-widget-tablet__width-initial elementor-widget elementor-widget-heading\" data-id=\"5f0e0a9\" data-element_type=\"widget\" data-e-type=\"widget\" data-settings=\"{&quot;_animation&quot;:&quot;none&quot;}\" data-widget_type=\"heading.default\">\n\t\t\t\t\t<h3 class=\"elementor-heading-title elementor-size-default\">Nous coeur est humain, notre moteur est l'IA.<\/h3>\t\t\t\t<\/div>\n\t\t\t\t<div class=\"elementor-element elementor-element-cb44199 elementor-widget__width-inherit elementor-widget-mobile__width-inherit elementor-widget-tablet__width-initial elementor-widget elementor-widget-text-editor\" data-id=\"cb44199\" data-element_type=\"widget\" data-e-type=\"widget\" data-settings=\"{&quot;_animation&quot;:&quot;none&quot;}\" data-widget_type=\"text-editor.default\">\n\t\t\t\t\t\t\t\t\t<div class=\"column\" data-pm-slice=\"2 2 [\"document\",{\"aiOptions\":{\"preserveLayouts\":false,\"imageOptions\":{\"license\":\"All\",\"provider\":\"aiGenerated\",\"generateStyle\":\"Subtle and professional with a modern and tech-focused design, using light shades of blue and white for a clean, corporate look.\",\"model\":\"ideogram-v3-turbo\",\"stylePreset\":\"Theme\"}},\"docId\":\"ovgylvb8i9lmo5r\",\"background\":{\"type\":\"none\"},\"docFlags\":{\"cardLayoutsEnabled\":true},\"format\":\"webpage\",\"customCode\":{},\"settings\":{\"defaultFullBleed\":\"full\",\"stylesDerivedFrom\":\"webpage_fluid\",\"cardDimensions\":\"fluid\",\"verticalAlign\":\"center\",\"defaultContentWidth\":\"lg\",\"fontSize\":\"sm\",\"scaleContentToFit\":false,\"animationsEnabled\":true},\"generateStatus\":\"done\",\"generateInfo\":{\"interactionId\":\"f8kh3jgvn2fx5km\",\"streamId\":\"ovgylvb8i9lmo5r\",\"lastEventId\":\"8\",\"lastCompletedCardId\":\"xmo0ibfg80de774\",\"lastCompletedCardIndex\":7}},\"card\",{\"id\":\"muscdajbjtlzpkw\",\"previewContent\":null,\"background\":{\"type\":\"color\",\"color\":{\"hex\":\"#4950bc\"}},\"container\":{},\"cardSize\":\"contained\",\"layout\":\"blank\",\"layoutTemplateColumns\":null,\"layoutTemplateRows\":null,\"verticalAlign\":null,\"generatorInput\":null,\"fontScale\":null,\"cardMarginSettings\":{},\"hidden\":false},\"cardLayoutItem\",{\"itemId\":\"body\"},\"gridLayout\",{\"colWidths\":[49.9,50.1],\"fullWidthBlock\":false}]\"><p class=\"paragraph\">Nous sommes une entreprise centr\u00e9e sur l&rsquo;humain et propuls\u00e9e par l&rsquo;IA. Cela signifie que nous int\u00e9grons consciemment l&rsquo;IA dans chaque r\u00f4le afin d&rsquo;amplifier vos talents, et non les remplacer. L\u2019utilisation de l\u2019IA ne sera pas seulement permise \u2014 elle sera attendue.  <\/p><p class=\"paragraph\">Le paysage de l&rsquo;IA \u00e9volue tous les trimestres, et nous aussi. Nous n&rsquo;imposons pas un seul outil pour toujours ; nous vous encourageons \u00e0 utiliser le meilleur pour votre t\u00e2che et \u00e0 rester \u00e0 la pointe de la technologie. Nous recherchons des esprits curieux pr\u00eats \u00e0 devenir des leaders dans le monde du travail amplifi\u00e9 par l&rsquo;IA.  <\/p><\/div>\t\t\t\t\t\t\t\t<\/div>\n\t\t\t\t<\/div>\n\t\t\t\t<\/div>\n\t\t\t\t\t<\/div>\n\t\t\t\t<\/div>\n\t\t<div class=\"elementor-element elementor-element-c8cca06 twbb_section e-flex e-con-boxed e-con e-parent\" data-id=\"c8cca06\" data-element_type=\"container\" data-e-type=\"container\">\n\t\t\t\t\t<div class=\"e-con-inner\">\n\t\t<div class=\"elementor-element elementor-element-ffc2c04 e-con-full e-flex e-con e-child\" data-id=\"ffc2c04\" data-element_type=\"container\" data-e-type=\"container\" data-settings=\"{&quot;animation&quot;:&quot;none&quot;}\">\n\t\t\t\t<div class=\"elementor-element elementor-element-71bbea9 elementor-widget__width-inherit elementor-widget-mobile__width-inherit elementor-widget-tablet__width-initial elementor-widget elementor-widget-heading\" data-id=\"71bbea9\" data-element_type=\"widget\" data-e-type=\"widget\" data-settings=\"{&quot;_animation&quot;:&quot;none&quot;}\" data-widget_type=\"heading.default\">\n\t\t\t\t\t<h2 class=\"elementor-heading-title elementor-size-default\">Les fondations sur lesquelles nous construisons.<\/h2>\t\t\t\t<\/div>\n\t\t\t\t<div class=\"elementor-element elementor-element-21053a2 elementor-widget__width-inherit elementor-widget-mobile__width-inherit elementor-widget-tablet__width-initial elementor-widget elementor-widget-heading\" data-id=\"21053a2\" data-element_type=\"widget\" data-e-type=\"widget\" data-settings=\"{&quot;_animation&quot;:&quot;none&quot;}\" data-widget_type=\"heading.default\">\n\t\t\t\t\t<h2 class=\"elementor-heading-title elementor-size-default\">T.R.A.C.E.<\/h2>\t\t\t\t<\/div>\n\t\t\t\t<div class=\"elementor-element elementor-element-a004d60 elementor-widget__width-inherit elementor-widget-mobile__width-inherit elementor-widget-tablet__width-initial elementor-widget elementor-widget-text-editor\" data-id=\"a004d60\" data-element_type=\"widget\" data-e-type=\"widget\" data-settings=\"{&quot;_animation&quot;:&quot;none&quot;}\" data-widget_type=\"text-editor.default\">\n\t\t\t\t\t\t\t\t\t<p style=\"font-style: normal; caret-color: #000000; color: #000000; text-align: left;\">Les T.R.A.C.E. sont les valeurs fondamentales qui guident notre culture, notre strat\u00e9gie et nos d\u00e9cisions. C&rsquo;est notre ADN.  . comment nous nous traitons les uns les autres et comment nous traitons nos clients, nos fournisseurs et nos partenaires. C&rsquo;est ainsi que les fondateurs fonctionnent depuis plus de 15 ans lorsqu&rsquo;ils dirigeaient d&rsquo;autres entreprises. <\/p><ul style=\"font-style: normal; caret-color: #000000; color: #000000;\"><li><p style=\"text-align: left;\"><b>Transparence et Travail d&rsquo;\u00e9quipe :<\/b> Partager l&rsquo;information ouvertement. Gagner et apprendre esemble. Pas de silos, pas d&rsquo;ego, pas de hi\u00e9rarchie. Chacun a un r\u00f4le \u00e0 jouer.   <\/p><\/li><li style=\"text-align: left;\"><p><b>Respect :<\/b> \u00c9couter et valoriser les points de vue des clients, des partenaires et coll\u00e8gues. Traitez les gens comme vous aimeriez \u00eatre trait\u00e9. <\/p><\/li><li style=\"text-align: left;\"><p><b>Ambition :<\/b> \u00catre anim\u00e9 par le d\u00e9sir de r\u00e9soudre un probl\u00e8me mondial majeur et de b\u00e2tir une entreprise qui d\u00e9fini une cat\u00e9gorie de produits.<\/p><\/li><li style=\"text-align: left;\"><p><b>Curiosit\u00e9 et Compassion :<\/b> Poser les questions \u00ab\u00a0pourquoi\u00a0\u00bb, \u00ab\u00a0pourquoi pas\u00a0\u00bb et \u00ab\u00a0et si \u00e0 la place\u00a0\u00bb. Remettre en question les id\u00e9es, de mani\u00e8re constructive. Soutenir les autres, se mettre \u00e0 leur place.   <\/p><\/li><li style=\"text-align: left;\"><p><b>Enthousiasme et engagement:<\/b> Apportez de la passion et de l&rsquo;\u00e9nergie. \u00catre enthousiaste \u00e0 propos de l&rsquo;avenir que vous contribuez \u00e0 construire. \u00catre d\u00e9vou\u00e9 \u00e0 la mission, mais veillez \u00e0 ne pas seulement travailler; la vie doit \u00eatre balanc\u00e9e.  <\/p><\/li><\/ul>\t\t\t\t\t\t\t\t<\/div>\n\t\t\t\t<\/div>\n\t\t<div class=\"elementor-element elementor-element-345940f e-con-full e-flex e-con e-child\" data-id=\"345940f\" data-element_type=\"container\" data-e-type=\"container\">\n\t\t\t\t<div class=\"elementor-element elementor-element-4326c8c elementor-widget elementor-widget-image\" data-id=\"4326c8c\" data-element_type=\"widget\" data-e-type=\"widget\" data-widget_type=\"image.default\">\n\t\t\t\t\t\t\t\t\t\t\t\t\t\t\t<img decoding=\"async\" src=\"https:\/\/aquaforge.ai\/wp-content\/uploads\/elementor\/thumbs\/trace-values-r8zxmakgcw5j0kxvvxa31d4thlvjt58vl05sylq3z4.png\" title=\"trace-values\" alt=\"trace-values\" loading=\"lazy\" \/>\t\t\t\t\t\t\t\t\t\t\t\t\t\t\t<\/div>\n\t\t\t\t<\/div>\n\t\t\t\t\t<\/div>\n\t\t\t\t<\/div>\n\t\t<div class=\"elementor-element elementor-element-2302963 e-flex e-con-boxed e-con e-parent\" data-id=\"2302963\" data-element_type=\"container\" data-e-type=\"container\" data-settings=\"{&quot;background_background&quot;:&quot;classic&quot;}\">\n\t\t\t\t\t<div class=\"e-con-inner\">\n\t\t<div class=\"elementor-element elementor-element-486b365 e-con-full e-flex e-con e-child\" data-id=\"486b365\" data-element_type=\"container\" data-e-type=\"container\" data-settings=\"{&quot;animation&quot;:&quot;none&quot;,&quot;background_background&quot;:&quot;classic&quot;}\">\n\t\t<div class=\"elementor-element elementor-element-c9e5e64 e-con-full e-flex e-con e-child\" data-id=\"c9e5e64\" data-element_type=\"container\" data-e-type=\"container\">\n\t\t\t\t<div class=\"elementor-element elementor-element-83e6e08 elementor-widget elementor-widget-image\" data-id=\"83e6e08\" data-element_type=\"widget\" data-e-type=\"widget\" data-widget_type=\"image.default\">\n\t\t\t\t\t\t\t\t\t\t\t\t\t\t\t<img decoding=\"async\" src=\"https:\/\/aquaforge.ai\/wp-content\/uploads\/elementor\/thumbs\/teamwork-r8zxm9mm6248oyz91evggvdcw806lg558vibhbri5c.png\" title=\"teamwork\" alt=\"teamwork\" loading=\"lazy\" \/>\t\t\t\t\t\t\t\t\t\t\t\t\t\t\t<\/div>\n\t\t\t\t<\/div>\n\t\t<div class=\"elementor-element elementor-element-922608e e-con-full e-flex e-con e-child\" data-id=\"922608e\" data-element_type=\"container\" data-e-type=\"container\">\n\t\t\t\t<div class=\"elementor-element elementor-element-e974b7a elementor-widget__width-inherit elementor-widget-mobile__width-inherit elementor-widget-tablet__width-initial elementor-widget elementor-widget-heading\" data-id=\"e974b7a\" data-element_type=\"widget\" data-e-type=\"widget\" data-settings=\"{&quot;_animation&quot;:&quot;none&quot;}\" data-widget_type=\"heading.default\">\n\t\t\t\t\t<h2 class=\"elementor-heading-title elementor-size-default\"><span class=\"elementor-heading-title elementor-size-default elementor-inline-editing pen\" data-elementor-setting-key=\"title\" data-pen-placeholder=\"Type Here...\" style=\"clear: both\">Venez faire la diff\u00e9rence.<\/span><\/h2>\t\t\t\t<\/div>\n\t\t\t\t<div class=\"elementor-element elementor-element-ce9c346 elementor-widget__width-inherit elementor-widget-mobile__width-inherit elementor-widget-tablet__width-initial elementor-widget elementor-widget-heading\" data-id=\"ce9c346\" data-element_type=\"widget\" data-e-type=\"widget\" data-settings=\"{&quot;_animation&quot;:&quot;none&quot;}\" data-widget_type=\"heading.default\">\n\t\t\t\t\t<h3 class=\"elementor-heading-title elementor-size-default\"><span class=\"elementor-heading-title elementor-size-default elementor-inline-editing pen\" data-elementor-setting-key=\"title\" data-pen-placeholder=\"Type Here...\" style=\"clear: both\">Grandissez avec nous.<\/span><\/h3>\t\t\t\t<\/div>\n\t\t\t\t<div class=\"elementor-element elementor-element-0db4e4b elementor-widget__width-inherit elementor-widget-mobile__width-inherit elementor-widget-tablet__width-initial elementor-widget elementor-widget-text-editor\" data-id=\"0db4e4b\" data-element_type=\"widget\" data-e-type=\"widget\" data-settings=\"{&quot;_animation&quot;:&quot;none&quot;}\" data-widget_type=\"text-editor.default\">\n\t\t\t\t\t\t\t\t\t<div class=\"column\" data-pm-slice=\"2 2 [\"document\",{\"aiOptions\":{\"preserveLayouts\":false,\"imageOptions\":{\"license\":\"All\",\"provider\":\"aiGenerated\",\"generateStyle\":\"Subtle and professional with a modern and tech-focused design, using light shades of blue and white for a clean, corporate look.\",\"model\":\"ideogram-v3-turbo\",\"stylePreset\":\"Theme\"}},\"docId\":\"ovgylvb8i9lmo5r\",\"background\":{\"type\":\"none\"},\"docFlags\":{\"cardLayoutsEnabled\":true},\"format\":\"webpage\",\"customCode\":{},\"settings\":{\"defaultFullBleed\":\"full\",\"stylesDerivedFrom\":\"webpage_fluid\",\"cardDimensions\":\"fluid\",\"verticalAlign\":\"center\",\"defaultContentWidth\":\"lg\",\"fontSize\":\"sm\",\"scaleContentToFit\":false,\"animationsEnabled\":true},\"generateStatus\":\"done\",\"generateInfo\":{\"interactionId\":\"f8kh3jgvn2fx5km\",\"streamId\":\"ovgylvb8i9lmo5r\",\"lastEventId\":\"8\",\"lastCompletedCardId\":\"xmo0ibfg80de774\",\"lastCompletedCardIndex\":7}},\"card\",{\"id\":\"muscdajbjtlzpkw\",\"previewContent\":null,\"background\":{\"type\":\"color\",\"color\":{\"hex\":\"#4950bc\"}},\"container\":{},\"cardSize\":\"contained\",\"layout\":\"blank\",\"layoutTemplateColumns\":null,\"layoutTemplateRows\":null,\"verticalAlign\":null,\"generatorInput\":null,\"fontScale\":null,\"cardMarginSettings\":{},\"hidden\":false},\"cardLayoutItem\",{\"itemId\":\"body\"},\"gridLayout\",{\"colWidths\":[49.9,50.1],\"fullWidthBlock\":false}]\"><p>En tant que membre de l\u2019\u00e9quipe fondatrice chez Aquaforge, vous \u00eates un pilier essentiel de notre entreprise et de notre culture. Nous nous engageons \u00e0 cr\u00e9er un environnement o\u00f9 vous pouvez donner le meilleur de vous-m\u00eame, apprendre et \u00e9voluer. <\/p><p class=\"p1\">\u2605 Option d&rsquo;achat d&rsquo;actions significative \u2605 Salaire concurrentiel \u2605 Vacances de 4 semaines \u2605 Horaire flexible \u2605 Travail hybride (bureau de Sherbrooke ou de Montr\u00e9al) \u2605 Innovation continue \u2605 Pas de bureaucratie \u2605 Processus l\u00e9gers \u2605<\/p><\/div>\t\t\t\t\t\t\t\t<\/div>\n\t\t\t\t<\/div>\n\t\t\t\t<\/div>\n\t\t\t\t\t<\/div>\n\t\t\t\t<\/div>\n\t\t<div class=\"elementor-element elementor-element-3add7b3 twbb_section e-flex e-con-boxed e-con e-parent\" data-id=\"3add7b3\" data-element_type=\"container\" data-e-type=\"container\">\n\t\t\t\t\t<div class=\"e-con-inner\">\n\t\t<div class=\"elementor-element elementor-element-49d2be6 e-con-full e-flex e-con e-child\" data-id=\"49d2be6\" data-element_type=\"container\" data-e-type=\"container\" data-settings=\"{&quot;animation&quot;:&quot;none&quot;}\">\n\t\t\t\t<div class=\"elementor-element elementor-element-f49ad2b elementor-widget elementor-widget-menu-anchor\" data-id=\"f49ad2b\" data-element_type=\"widget\" data-e-type=\"widget\" data-widget_type=\"menu-anchor.default\">\n\t\t\t\t\t\t\t<div class=\"elementor-menu-anchor\" id=\"Postesdisponibles\"><\/div>\n\t\t\t\t\t\t<\/div>\n\t\t\t\t<div class=\"elementor-element elementor-element-168af27 elementor-widget__width-inherit elementor-widget-mobile__width-inherit elementor-widget-tablet__width-initial elementor-widget elementor-widget-heading\" data-id=\"168af27\" data-element_type=\"widget\" data-e-type=\"widget\" data-settings=\"{&quot;_animation&quot;:&quot;none&quot;}\" data-widget_type=\"heading.default\">\n\t\t\t\t\t<h2 class=\"elementor-heading-title elementor-size-default\">Il est temps de rencontrer votre passion.<\/h2>\t\t\t\t<\/div>\n\t\t\t\t<div class=\"elementor-element elementor-element-6f9b5ba elementor-widget__width-inherit elementor-widget-mobile__width-inherit elementor-widget-tablet__width-initial elementor-widget elementor-widget-heading\" data-id=\"6f9b5ba\" data-element_type=\"widget\" data-e-type=\"widget\" data-settings=\"{&quot;_animation&quot;:&quot;none&quot;}\" data-widget_type=\"heading.default\">\n\t\t\t\t\t<h2 class=\"elementor-heading-title elementor-size-default\">Nos postes disponibles.<\/h2>\t\t\t\t<\/div>\n\t\t\t\t<div class=\"elementor-element elementor-element-1791d66 elementor-widget__width-initial elementor-widget elementor-widget-shortcode\" data-id=\"1791d66\" data-element_type=\"widget\" data-e-type=\"widget\" data-widget_type=\"shortcode.default\">\n\t\t\t\t\t\t\t<div class=\"elementor-shortcode\">\t<div class=\"awsm-job-wrap awsm-job-form-plugin-style\">\n\n\t\t\n\t\t<div class=\"awsm-job-listings awsm-lists\" data-listings=\"20\" data-lang=\"fr\">\n\t\t\t<div class=\"awsm-job-listing-item awsm-list-item\" id=\"awsm-list-item-940\">\t\t<div class=\"awsm-job-item\">\t\t\t<div class=\"awsm-list-left-col\">\n\t\t\t\t\n\t\t\t\t\n\t\t\t\t<h2 class=\"awsm-job-post-title\">\n\t\t\t\t\t<a href=\"https:\/\/aquaforge.ai\/fr\/jobs\/responsable-dequipe-logicielle-ia-generative\/\">D\u00e9veloppeur logiciel \u2013 IA G\u00e9n\u00e9rative<\/a>\t\t\t\t<\/h2>\n\n\t\t\t\t\t\t\t<\/div>\n\n\t\t\t<div class=\"awsm-list-right-col\">\n\t\t\t\t<div class=\"awsm-job-specification-wrapper\"><div class=\"awsm-job-specification-item awsm-job-specification-job-category\"><span class=\"awsm-job-specification-term\">Produit<\/span> <\/div><div class=\"awsm-job-specification-item awsm-job-specification-job-type\"><span class=\"awsm-job-specification-term\">Temps plein<\/span> <\/div><div class=\"awsm-job-specification-item awsm-job-specification-job-location\"><span class=\"awsm-job-specification-term\">Hybride \/ Montr\u00e9al<\/span> <\/div><\/div><div class=\"awsm-job-more-container\"><a class=\"awsm-job-more\" href=\"https:\/\/aquaforge.ai\/fr\/jobs\/responsable-dequipe-logicielle-ia-generative\/\">Plus de d\u00e9tails <span><\/span><\/a><\/div>\t\t\t<\/div>\n\t\t<\/div>\t<\/div>\t\t<\/div>\n\n\t<\/div>\n\t<\/div>\n\t\t\t\t\t\t<\/div>\n\t\t\t\t<\/div>\n\t\t<div class=\"elementor-element elementor-element-4db5abb e-con-full e-flex e-con e-child\" data-id=\"4db5abb\" data-element_type=\"container\" data-e-type=\"container\">\n\t\t\t\t<div class=\"elementor-element elementor-element-94c955c elementor-widget elementor-widget-image\" data-id=\"94c955c\" data-element_type=\"widget\" data-e-type=\"widget\" data-widget_type=\"image.default\">\n\t\t\t\t\t\t\t\t\t\t\t\t\t\t\t<img decoding=\"async\" src=\"https:\/\/aquaforge.ai\/wp-content\/uploads\/elementor\/thumbs\/job-openings-r90nqb1z2aylpviov90ll5lrzoo3k719hn0omfyheo.png\" title=\"job-openings\" alt=\"job-openings\" loading=\"lazy\" \/>\t\t\t\t\t\t\t\t\t\t\t\t\t\t\t<\/div>\n\t\t\t\t<\/div>\n\t\t\t\t\t<\/div>\n\t\t\t\t<\/div>\n\t\t\t\t<\/div>\n\t\t","protected":false},"excerpt":{"rendered":"<p>Vous \u00eates press\u00e9 ?D\u00e9filez vers le bas pour les postes \u00e0 disponibles N\u00e9 de l&rsquo;exp\u00e9rience. Motiv\u00e9 par l&rsquo;impact. Nous avons \u00e9t\u00e9 t\u00e9moins d&rsquo;un probl\u00e8me pendant 15 ans dans l\u2019industrie du traitement de l\u2019eau: l\u2019ampleur des inefficacit\u00e9s et des sommes gaspill\u00e9es par les processus de conception traditionnels, et nous savons qu\u2019il existe une meilleure approche : [&hellip;]<\/p>\n","protected":false},"author":2,"featured_media":0,"parent":0,"menu_order":0,"comment_status":"closed","ping_status":"closed","template":"","meta":{"footnotes":""},"class_list":["post-844","page","type-page","status-publish","hentry"],"_links":{"self":[{"href":"https:\/\/aquaforge.ai\/fr\/wp-json\/wp\/v2\/pages\/844","targetHints":{"allow":["GET"]}}],"collection":[{"href":"https:\/\/aquaforge.ai\/fr\/wp-json\/wp\/v2\/pages"}],"about":[{"href":"https:\/\/aquaforge.ai\/fr\/wp-json\/wp\/v2\/types\/page"}],"author":[{"embeddable":true,"href":"https:\/\/aquaforge.ai\/fr\/wp-json\/wp\/v2\/users\/2"}],"replies":[{"embeddable":true,"href":"https:\/\/aquaforge.ai\/fr\/wp-json\/wp\/v2\/comments?post=844"}],"version-history":[{"count":0,"href":"https:\/\/aquaforge.ai\/fr\/wp-json\/wp\/v2\/pages\/844\/revisions"}],"wp:attachment":[{"href":"https:\/\/aquaforge.ai\/fr\/wp-json\/wp\/v2\/media?parent=844"}],"curies":[{"name":"wp","href":"https:\/\/api.w.org\/{rel}","templated":true}]}}